{"id":2824,"date":"2022-04-01T12:06:43","date_gmt":"2022-04-01T12:06:43","guid":{"rendered":"https:\/\/beta.cotedessaints.com\/salle-de-degustation\/"},"modified":"2024-02-15T19:36:12","modified_gmt":"2024-02-15T19:36:12","slug":"tasting-room","status":"publish","type":"page","link":"https:\/\/www.cotedessaints.com\/en\/tasting-room\/","title":{"rendered":"Tasting Room"},"content":{"rendered":"\n\n<div  style=\" padding-top: 100px; padding-bottom: 100px;\" class=\"section  light \"  >\n\n\t<div class=\"fw-container\">\n\t\t<div class=\"fw-row\">\n\t\n<div class=\" fw-col-xs-12 fw-col-sm-4 \" >\n\t\t\t<p>The conference room of the distillery will allow you to hold your business meetings, your board of directors or any other festive activities.<\/p><p>It can accommodate up to 20 people. We offer guided tours of our facilities and catering services if required.<\/p><p>On the other hand, if you opt for a cocktail reception, you can also use the adjacent tasting room, which will allow you to comfortably accommodate around 40 people.<\/p><p>&nbsp;<\/p><p>Please contact us for details<\/p>\n<div class=\"\">\n\t<a href=\"\/en\/contact\" target=\"_self\" class=\"btn btn-default\">\n\t\t<span>Contact us<\/span>\n\t<\/a>\n<\/div>\t\n\t<\/div>\n<div class=\" fw-col-xs-12 fw-col-sm-8 border-pict\" >\n\t\t\t<img decoding=\"async\" data-src=\"\/\/beta.cotedessaints.com\/wp-content\/uploads\/2022\/04\/IMG_3173-scaled.jpg\" alt=\"\/\/beta.cotedessaints.com\/wp-content\/uploads\/2022\/04\/IMG_3173-scaled.jpg\" src=\"data:image\/svg+xml;base64,PHN2ZyB3aWR0aD0iMSIgaGVpZ2h0PSIxIiB4bWxucz0iaHR0cDovL3d3dy53My5vcmcvMjAwMC9zdmciPjwvc3ZnPg==\" class=\"lazyload\" \/>\t\n\t<\/div><\/div>\n\n\t<\/div>\n\n<\/div>\n\n","protected":false},"excerpt":{"rendered":"<p>The conference room of the distillery will allow you to hold your business meetings, your board of directors or any other festive activities.It can accommodate up to 20 people. We offer guided tours of our facilities and catering services if required.On the other hand, if you opt for a cocktail reception, you can also use [&hellip;]<\/p>\n","protected":false},"author":2,"featured_media":0,"parent":0,"menu_order":0,"comment_status":"closed","ping_status":"closed","template":"","meta":{"_acf_changed":false,"footnotes":""},"class_list":["post-2824","page","type-page","status-publish","hentry"],"acf":[],"yoast_head":"<!-- This site is optimized with the Yoast SEO plugin v26.0 - https:\/\/yoast.com\/wordpress\/plugins\/seo\/ -->\n<title>Tasting Room - C\u00f4te des saints<\/title>\n<meta name=\"description\" content=\"Salle de conf\u00e9rence \u00e0 m\u00eame la distillerie pour vos r\u00e9unions d\u2019affaires, vos conseils d\u2019administration ou toutes autres activit\u00e9s festives.\" \/>\n<meta name=\"robots\" content=\"index, follow, max-snippet:-1, max-image-preview:large, max-video-preview:-1\" \/>\n<link rel=\"canonical\" href=\"https:\/\/www.cotedessaints.com\/en\/tasting-room\/\" \/>\n<meta property=\"og:locale\" content=\"en_US\" \/>\n<meta property=\"og:type\" content=\"article\" \/>\n<meta property=\"og:title\" content=\"Tasting Room - C\u00f4te des saints\" \/>\n<meta property=\"og:description\" content=\"Salle de conf\u00e9rence \u00e0 m\u00eame la distillerie pour vos r\u00e9unions d\u2019affaires, vos conseils d\u2019administration ou toutes autres activit\u00e9s festives.\" \/>\n<meta property=\"og:url\" content=\"https:\/\/www.cotedessaints.com\/en\/tasting-room\/\" \/>\n<meta property=\"og:site_name\" content=\"C\u00f4te des saints\" \/>\n<meta property=\"article:modified_time\" content=\"2024-02-15T19:36:12+00:00\" \/>\n<meta name=\"twitter:card\" content=\"summary_large_image\" \/>\n<meta name=\"twitter:label1\" content=\"Est. reading time\" \/>\n\t<meta name=\"twitter:data1\" content=\"1 minute\" \/>\n<script type=\"application\/ld+json\" class=\"yoast-schema-graph\">{\"@context\":\"https:\/\/schema.org\",\"@graph\":[{\"@type\":\"WebPage\",\"@id\":\"https:\/\/www.cotedessaints.com\/en\/tasting-room\/\",\"url\":\"https:\/\/www.cotedessaints.com\/en\/tasting-room\/\",\"name\":\"Tasting Room - C\u00f4te des saints\",\"isPartOf\":{\"@id\":\"https:\/\/www.cotedessaints.com\/#website\"},\"datePublished\":\"2022-04-01T12:06:43+00:00\",\"dateModified\":\"2024-02-15T19:36:12+00:00\",\"description\":\"Salle de conf\u00e9rence \u00e0 m\u00eame la distillerie pour vos r\u00e9unions d\u2019affaires, vos conseils d\u2019administration ou toutes autres activit\u00e9s festives.\",\"breadcrumb\":{\"@id\":\"https:\/\/www.cotedessaints.com\/en\/tasting-room\/#breadcrumb\"},\"inLanguage\":\"en-CA\",\"potentialAction\":[{\"@type\":\"ReadAction\",\"target\":[\"https:\/\/www.cotedessaints.com\/en\/tasting-room\/\"]}]},{\"@type\":\"BreadcrumbList\",\"@id\":\"https:\/\/www.cotedessaints.com\/en\/tasting-room\/#breadcrumb\",\"itemListElement\":[{\"@type\":\"ListItem\",\"position\":1,\"name\":\"Accueil\",\"item\":\"https:\/\/www.cotedessaints.com\/en\/home\/\"},{\"@type\":\"ListItem\",\"position\":2,\"name\":\"Tasting Room\"}]},{\"@type\":\"WebSite\",\"@id\":\"https:\/\/www.cotedessaints.com\/#website\",\"url\":\"https:\/\/www.cotedessaints.com\/\",\"name\":\"C\u00f4te des saints\",\"description\":\"\",\"potentialAction\":[{\"@type\":\"SearchAction\",\"target\":{\"@type\":\"EntryPoint\",\"urlTemplate\":\"https:\/\/www.cotedessaints.com\/?s={search_term_string}\"},\"query-input\":{\"@type\":\"PropertyValueSpecification\",\"valueRequired\":true,\"valueName\":\"search_term_string\"}}],\"inLanguage\":\"en-CA\"}]}<\/script>\n<!-- \/ Yoast SEO plugin. -->","yoast_head_json":{"title":"Tasting Room - C\u00f4te des saints","description":"Salle de conf\u00e9rence \u00e0 m\u00eame la distillerie pour vos r\u00e9unions d\u2019affaires, vos conseils d\u2019administration ou toutes autres activit\u00e9s festives.","robots":{"index":"index","follow":"follow","max-snippet":"max-snippet:-1","max-image-preview":"max-image-preview:large","max-video-preview":"max-video-preview:-1"},"canonical":"https:\/\/www.cotedessaints.com\/en\/tasting-room\/","og_locale":"en_US","og_type":"article","og_title":"Tasting Room - C\u00f4te des saints","og_description":"Salle de conf\u00e9rence \u00e0 m\u00eame la distillerie pour vos r\u00e9unions d\u2019affaires, vos conseils d\u2019administration ou toutes autres activit\u00e9s festives.","og_url":"https:\/\/www.cotedessaints.com\/en\/tasting-room\/","og_site_name":"C\u00f4te des saints","article_modified_time":"2024-02-15T19:36:12+00:00","twitter_card":"summary_large_image","twitter_misc":{"Est. reading time":"1 minute"},"schema":{"@context":"https:\/\/schema.org","@graph":[{"@type":"WebPage","@id":"https:\/\/www.cotedessaints.com\/en\/tasting-room\/","url":"https:\/\/www.cotedessaints.com\/en\/tasting-room\/","name":"Tasting Room - C\u00f4te des saints","isPartOf":{"@id":"https:\/\/www.cotedessaints.com\/#website"},"datePublished":"2022-04-01T12:06:43+00:00","dateModified":"2024-02-15T19:36:12+00:00","description":"Salle de conf\u00e9rence \u00e0 m\u00eame la distillerie pour vos r\u00e9unions d\u2019affaires, vos conseils d\u2019administration ou toutes autres activit\u00e9s festives.","breadcrumb":{"@id":"https:\/\/www.cotedessaints.com\/en\/tasting-room\/#breadcrumb"},"inLanguage":"en-CA","potentialAction":[{"@type":"ReadAction","target":["https:\/\/www.cotedessaints.com\/en\/tasting-room\/"]}]},{"@type":"BreadcrumbList","@id":"https:\/\/www.cotedessaints.com\/en\/tasting-room\/#breadcrumb","itemListElement":[{"@type":"ListItem","position":1,"name":"Accueil","item":"https:\/\/www.cotedessaints.com\/en\/home\/"},{"@type":"ListItem","position":2,"name":"Tasting Room"}]},{"@type":"WebSite","@id":"https:\/\/www.cotedessaints.com\/#website","url":"https:\/\/www.cotedessaints.com\/","name":"C\u00f4te des saints","description":"","potentialAction":[{"@type":"SearchAction","target":{"@type":"EntryPoint","urlTemplate":"https:\/\/www.cotedessaints.com\/?s={search_term_string}"},"query-input":{"@type":"PropertyValueSpecification","valueRequired":true,"valueName":"search_term_string"}}],"inLanguage":"en-CA"}]}},"_links":{"self":[{"href":"https:\/\/www.cotedessaints.com\/en\/wp-json\/wp\/v2\/pages\/2824","targetHints":{"allow":["GET"]}}],"collection":[{"href":"https:\/\/www.cotedessaints.com\/en\/wp-json\/wp\/v2\/pages"}],"about":[{"href":"https:\/\/www.cotedessaints.com\/en\/wp-json\/wp\/v2\/types\/page"}],"author":[{"embeddable":true,"href":"https:\/\/www.cotedessaints.com\/en\/wp-json\/wp\/v2\/users\/2"}],"replies":[{"embeddable":true,"href":"https:\/\/www.cotedessaints.com\/en\/wp-json\/wp\/v2\/comments?post=2824"}],"version-history":[{"count":9,"href":"https:\/\/www.cotedessaints.com\/en\/wp-json\/wp\/v2\/pages\/2824\/revisions"}],"predecessor-version":[{"id":8430,"href":"https:\/\/www.cotedessaints.com\/en\/wp-json\/wp\/v2\/pages\/2824\/revisions\/8430"}],"wp:attachment":[{"href":"https:\/\/www.cotedessaints.com\/en\/wp-json\/wp\/v2\/media?parent=2824"}],"curies":[{"name":"wp","href":"https:\/\/api.w.org\/{rel}","templated":true}]}}